{"id":312,"date":"2022-09-01T14:38:06","date_gmt":"2022-09-01T14:38:06","guid":{"rendered":"https:\/\/professionalarea.goodgut.eu\/area-professional\/"},"modified":"2025-05-06T06:58:02","modified_gmt":"2025-05-06T06:58:02","slug":"area-professional","status":"publish","type":"page","link":"https:\/\/professionalarea.goodgut.eu\/ca\/","title":{"rendered":"\u00c0rea professional"},"content":{"rendered":"\t\t<div data-elementor-type=\"wp-page\" data-elementor-id=\"312\" class=\"elementor elementor-312 elementor-2\" data-elementor-post-type=\"page\">\n\t\t\t\t\t\t<section class=\"elementor-section elementor-top-section elementor-element elementor-element-456a131c elementor-section-boxed elementor-section-height-default elementor-section-height-default\" data-id=\"456a131c\" data-element_type=\"section\" data-e-type=\"section\" data-settings=\"{&quot;background_background&quot;:&quot;classic&quot;}\">\n\t\t\t\t\t\t\t<div class=\"elementor-background-overlay\"><\/div>\n\t\t\t\t\t\t\t<div class=\"elementor-container elementor-column-gap-extended\">\n\t\t\t\t\t<div class=\"elementor-column elementor-col-100 elementor-top-column elementor-element elementor-element-e8f930a\" data-id=\"e8f930a\" data-element_type=\"column\" data-e-type=\"column\">\n\t\t\t<div class=\"elementor-widget-wrap elementor-element-populated\">\n\t\t\t\t\t\t<section class=\"elementor-section elementor-inner-section elementor-element elementor-element-32228b2 elementor-section-boxed elementor-section-height-default elementor-section-height-default\" data-id=\"32228b2\" data-element_type=\"section\" data-e-type=\"section\">\n\t\t\t\t\t\t<div class=\"elementor-container elementor-column-gap-default\">\n\t\t\t\t\t<div class=\"elementor-column elementor-col-100 elementor-inner-column elementor-element elementor-element-4567211\" data-id=\"4567211\" data-element_type=\"column\" data-e-type=\"column\">\n\t\t\t<div class=\"elementor-widget-wrap elementor-element-populated\">\n\t\t\t\t\t\t<div class=\"elementor-element elementor-element-f254631 elementor-widget elementor-widget-heading\" data-id=\"f254631\" data-element_type=\"widget\" data-e-type=\"widget\" data-widget_type=\"heading.default\">\n\t\t\t\t<div class=\"elementor-widget-container\">\n\t\t\t\t\t<h1 class=\"elementor-heading-title elementor-size-default\">\u00c9s vost\u00e8 professional sanitari o de laboratori?<\/h1>\t\t\t\t<\/div>\n\t\t\t\t<\/div>\n\t\t\t\t<div class=\"elementor-element elementor-element-4201f36 elementor-widget elementor-widget-heading\" data-id=\"4201f36\" data-element_type=\"widget\" data-e-type=\"widget\" data-widget_type=\"heading.default\">\n\t\t\t\t<div class=\"elementor-widget-container\">\n\t\t\t\t\t<h2 class=\"elementor-heading-title elementor-size-default\">Vost\u00e8 est\u00e0 accedint a la p\u00e0gina web goodgut.eu\/professionalarea, dirigida a difondre informaci\u00f3 t\u00e8cnica sobre el diagn\u00f2stic de malalties digestives.<\/h2>\t\t\t\t<\/div>\n\t\t\t\t<\/div>\n\t\t\t\t<div class=\"elementor-element elementor-element-b887189 elementor-widget__width-initial elementor-widget elementor-widget-button\" data-id=\"b887189\" data-element_type=\"widget\" data-e-type=\"widget\" data-widget_type=\"button.default\">\n\t\t\t\t<div class=\"elementor-widget-container\">\n\t\t\t\t\t\t\t\t\t<div class=\"elementor-button-wrapper\">\n\t\t\t\t\t<a class=\"elementor-button elementor-button-link elementor-size-lg\" href=\"https:\/\/professionalarea.goodgut.eu\/ca\/documents\/\">\n\t\t\t\t\t\t<span class=\"elementor-button-content-wrapper\">\n\t\t\t\t\t\t\t\t\t<span class=\"elementor-button-text\">SI<\/span>\n\t\t\t\t\t<\/span>\n\t\t\t\t\t<\/a>\n\t\t\t\t<\/div>\n\t\t\t\t\t\t\t\t<\/div>\n\t\t\t\t<\/div>\n\t\t\t\t<div class=\"elementor-element elementor-element-cd15139 elementor-widget__width-initial elementor-widget elementor-widget-button\" data-id=\"cd15139\" data-element_type=\"widget\" data-e-type=\"widget\" data-widget_type=\"button.default\">\n\t\t\t\t<div class=\"elementor-widget-container\">\n\t\t\t\t\t\t\t\t\t<div class=\"elementor-button-wrapper\">\n\t\t\t\t\t<a class=\"elementor-button elementor-button-link elementor-size-lg\" href=\"https:\/\/goodgut.eu\/ca\/\">\n\t\t\t\t\t\t<span class=\"elementor-button-content-wrapper\">\n\t\t\t\t\t\t\t\t\t<span class=\"elementor-button-text\">NO<\/span>\n\t\t\t\t\t<\/span>\n\t\t\t\t\t<\/a>\n\t\t\t\t<\/div>\n\t\t\t\t\t\t\t\t<\/div>\n\t\t\t\t<\/div>\n\t\t\t\t<div class=\"elementor-element elementor-element-d7dc8cc elementor-widget elementor-widget-text-editor\" data-id=\"d7dc8cc\" data-element_type=\"widget\" data-e-type=\"widget\" data-widget_type=\"text-editor.default\">\n\t\t\t\t<div class=\"elementor-widget-container\">\n\t\t\t\t\t\t\t\t\tLa informaci\u00f3 continguda en aquesta p\u00e0gina est\u00e0 destinada exclusivament a professional sanitari i\/o de laboratori amb la capacitat de diagnosticar malalties digestives i\/o analitzar la microbiota, pel que es requereix de formaci\u00f3 especialitzada per a la seva correcta interpretaci\u00f3.\r\n\r\nSi vost\u00e8 no \u00e9s un professional sanitari i\/o de laboratori qualificat, GoodGut no es fa responsable dels prejudicis que pugui patir per les decisions basades en el contingut d\u2019aquesta p\u00e0gina o de qualsevol dels seus enlla\u00e7os.\r\n\r\nLa informaci\u00f3 proporcionada a goodgut.eu\/professionalarea serveix per recolzar, no reempla\u00e7ar, la relaci\u00f3 que existeix entre un pacient\/visitant d\u2019aquest lloc web i el seu metge.\t\t\t\t\t\t\t\t<\/div>\n\t\t\t\t<\/div>\n\t\t\t\t\t<\/div>\n\t\t<\/div>\n\t\t\t\t\t<\/div>\n\t\t<\/section>\n\t\t\t\t\t<\/div>\n\t\t<\/div>\n\t\t\t\t\t<\/div>\n\t\t<\/section>\n\t\t\t\t<\/div>\n\t\t","protected":false},"excerpt":{"rendered":"<p>\u00c9s vost\u00e8 professional sanitari o de laboratori? Vost\u00e8 est\u00e0 accedint a la p\u00e0gina web goodgut.eu\/professionalarea, dirigida a difondre informaci\u00f3 t\u00e8cnica sobre el diagn\u00f2stic de malalties digestives. SI NO La informaci\u00f3 continguda en aquesta p\u00e0gina est\u00e0 destinada exclusivament a professional sanitari i\/o de laboratori amb la capacitat de diagnosticar malalties digestives i\/o analitzar la microbiota, pel [&hellip;]<\/p>\n","protected":false},"author":1,"featured_media":0,"parent":0,"menu_order":0,"comment_status":"closed","ping_status":"closed","template":"elementor_header_footer","meta":{"footnotes":""},"class_list":["post-312","page","type-page","status-publish","hentry"],"_links":{"self":[{"href":"https:\/\/professionalarea.goodgut.eu\/ca\/wp-json\/wp\/v2\/pages\/312","targetHints":{"allow":["GET"]}}],"collection":[{"href":"https:\/\/professionalarea.goodgut.eu\/ca\/wp-json\/wp\/v2\/pages"}],"about":[{"href":"https:\/\/professionalarea.goodgut.eu\/ca\/wp-json\/wp\/v2\/types\/page"}],"author":[{"embeddable":true,"href":"https:\/\/professionalarea.goodgut.eu\/ca\/wp-json\/wp\/v2\/users\/1"}],"replies":[{"embeddable":true,"href":"https:\/\/professionalarea.goodgut.eu\/ca\/wp-json\/wp\/v2\/comments?post=312"}],"version-history":[{"count":2,"href":"https:\/\/professionalarea.goodgut.eu\/ca\/wp-json\/wp\/v2\/pages\/312\/revisions"}],"predecessor-version":[{"id":765,"href":"https:\/\/professionalarea.goodgut.eu\/ca\/wp-json\/wp\/v2\/pages\/312\/revisions\/765"}],"wp:attachment":[{"href":"https:\/\/professionalarea.goodgut.eu\/ca\/wp-json\/wp\/v2\/media?parent=312"}],"curies":[{"name":"wp","href":"https:\/\/api.w.org\/{rel}","templated":true}]}}